{"id":43,"date":"2020-09-03T11:18:00","date_gmt":"2020-09-03T11:18:00","guid":{"rendered":"https:\/\/psichologepsichoterapeute.lt\/?page_id=43"},"modified":"2025-01-08T12:36:41","modified_gmt":"2025-01-08T12:36:41","slug":"paslaugos","status":"publish","type":"page","link":"https:\/\/psichologepsichoterapeute.lt\/index.php\/paslaugos\/","title":{"rendered":"Psichologo konsultacijos"},"content":{"rendered":"\n<p>Profesionalios psicholog\u0117s psichoterapeut\u0117s konsultacijos Vilniuje arba internetu. Konsultacijos vyksta darbo dienomis ir \u0161e\u0161tadieniais. Konsultacijos paremtos psichologiniu konsultavimu ir kognityvine elgesio psichoterapija. Susitikim\u0173 metu vyksta ne tik pokalbis, bet ir praktiniai u\u017esi\u0117mimai, taip pat norintiems padirbti papildomai su savimi duodamos u\u017eduotys ir literat\u016bra \u012f namus, taip skatinant greitesn\u012f progres\u0105.<\/p>\n\n\n\n<p><strong>Konsultacijos kainos:<\/strong><\/p>\n\n\n\n<ul class=\"wp-block-list\">\n<li>60 eur\u0173 individuali konsultacija; (50 min.)<\/li>\n\n\n\n<li>75 eurai \u0161eimos\/poros konsultacija (trukm\u0117 1 val.); Esant poreikiui 1,5 val. \u2013 85 eurai.<\/li>\n\n\n\n<li>konsultavimasis lai\u0161kais \u2013 40 eur\u0173 atsakymas \u012f vien\u0105 lai\u0161k\u0105. 5 lai\u0161kai \u2013 100 eur\u0173.<\/li>\n<\/ul>\n\n\n\n<p>Iki malonaus!<\/p>\n\n\n\n<p>Kontaktai: +37062730526, psichologe.kazlauskiene@gmail.com .<\/p>\n","protected":false},"excerpt":{"rendered":"<p>Profesionalios psicholog\u0117s psichoterapeut\u0117s konsultacijos Vilniuje arba internetu. Konsultacijos vyksta darbo dienomis ir \u0161e\u0161tadieniais. Konsultacijos paremtos psichologiniu konsultavimu ir kognityvine elgesio psichoterapija. Susitikim\u0173 metu vyksta ne tik pokalbis, bet ir praktiniai u\u017esi\u0117mimai, taip pat norintiems padirbti papildomai su savimi duodamos u\u017eduotys ir literat\u016bra \u012f namus, taip skatinant greitesn\u012f progres\u0105. Konsultacijos kainos: Iki malonaus! Kontaktai: +37062730526, psichologe.kazlauskiene@gmail.com <a class=\"read-more\" href=\"https:\/\/psichologepsichoterapeute.lt\/index.php\/paslaugos\/\">Read More<\/a><\/p>\n","protected":false},"author":1,"featured_media":0,"parent":0,"menu_order":0,"comment_status":"closed","ping_status":"closed","template":"","meta":{"_monsterinsights_skip_tracking":false,"_monsterinsights_sitenote_active":false,"_monsterinsights_sitenote_note":"","_monsterinsights_sitenote_category":0,"footnotes":""},"class_list":["post-43","page","type-page","status-publish","hentry"],"aioseo_notices":[],"_links":{"self":[{"href":"https:\/\/psichologepsichoterapeute.lt\/index.php\/wp-json\/wp\/v2\/pages\/43","targetHints":{"allow":["GET"]}}],"collection":[{"href":"https:\/\/psichologepsichoterapeute.lt\/index.php\/wp-json\/wp\/v2\/pages"}],"about":[{"href":"https:\/\/psichologepsichoterapeute.lt\/index.php\/wp-json\/wp\/v2\/types\/page"}],"author":[{"embeddable":true,"href":"https:\/\/psichologepsichoterapeute.lt\/index.php\/wp-json\/wp\/v2\/users\/1"}],"replies":[{"embeddable":true,"href":"https:\/\/psichologepsichoterapeute.lt\/index.php\/wp-json\/wp\/v2\/comments?post=43"}],"version-history":[{"count":9,"href":"https:\/\/psichologepsichoterapeute.lt\/index.php\/wp-json\/wp\/v2\/pages\/43\/revisions"}],"predecessor-version":[{"id":217,"href":"https:\/\/psichologepsichoterapeute.lt\/index.php\/wp-json\/wp\/v2\/pages\/43\/revisions\/217"}],"wp:attachment":[{"href":"https:\/\/psichologepsichoterapeute.lt\/index.php\/wp-json\/wp\/v2\/media?parent=43"}],"curies":[{"name":"wp","href":"https:\/\/api.w.org\/{rel}","templated":true}]}}