{"id":25,"date":"2020-09-03T10:21:17","date_gmt":"2020-09-03T10:21:17","guid":{"rendered":"https:\/\/psichologepsichoterapeute.lt\/?page_id=25"},"modified":"2026-03-26T07:59:44","modified_gmt":"2026-03-26T07:59:44","slug":"apie-mane","status":"publish","type":"page","link":"https:\/\/psichologepsichoterapeute.lt\/","title":{"rendered":"Apie mane"},"content":{"rendered":"\n<figure class=\"wp-block-gallery alignleft has-nested-images columns-default is-cropped wp-block-gallery-1 is-layout-flex wp-block-gallery-is-layout-flex\">\n<figure class=\"wp-block-image size-large is-style-default\"><img loading=\"lazy\" decoding=\"async\" width=\"682\" height=\"1024\" data-id=\"238\" src=\"https:\/\/psichologepsichoterapeute.lt\/wp-content\/uploads\/2026\/03\/DSC02414-1-682x1024.png\" alt=\"\" class=\"wp-image-238\" srcset=\"https:\/\/psichologepsichoterapeute.lt\/wp-content\/uploads\/2026\/03\/DSC02414-1-682x1024.png 682w, https:\/\/psichologepsichoterapeute.lt\/wp-content\/uploads\/2026\/03\/DSC02414-1-200x300.png 200w, https:\/\/psichologepsichoterapeute.lt\/wp-content\/uploads\/2026\/03\/DSC02414-1-768x1152.png 768w, https:\/\/psichologepsichoterapeute.lt\/wp-content\/uploads\/2026\/03\/DSC02414-1-1024x1536.png 1024w, https:\/\/psichologepsichoterapeute.lt\/wp-content\/uploads\/2026\/03\/DSC02414-1.png 1333w\" sizes=\"auto, (max-width: 682px) 100vw, 682px\" \/><\/figure>\n<\/figure>\n\n\n\n<p class=\"has-medium-font-size\">Laba diena,<\/p>\n\n\n\n<p class=\"has-medium-font-size\">Esu kognityvin\u0117s elgesio krypties psicholog\u0117-psichoterapeut\u0117 Birut\u0117 Kazlauskien\u0117. Teikiu psichologin\u0119, psichoterapin\u0119 pagalba individualiai suaugusiems, paaugliams bei poroms\/\u0161eimoms.  Man pasisek\u0117, nes dar besimokydama mokykloje supratau, kad man yra \u012fdomus \u017emogus ir jo elgesys, tad ai\u0161kiai \u017einojau, kad mano pa\u0161aukimas &#8211; psichologija. Begalo esu laiminga, gal\u0117dama \u017emon\u0117ms pad\u0117ti siekti geresn\u0117s savijautos bei gyventi gyvenim\u0105 tok\u012f, kokio nori.<\/p>\n\n\n\n<p class=\"has-medium-font-size\">Dar studijuodama universitete jau savanoriavau teikdama emocin\u0119 parama ,,Jaunimo linijoje&#8221;. V\u0117liau patirt\u012f teko kaupti dirbant ligonin\u0117je, priklausomybi\u0173 reabilitacijos centre, globos centre bei priva\u010dioje praktikoje.<\/p>\n\n\n\n<p class=\"has-medium-font-size\">Esu baigusi klinikin\u0117s psichologijos magistro studijas Vilniaus universitete. V\u0117liau baigiau kognityvin\u0119 elgesio psichoterapij\u0105 Lietuvos sveikatos moksl\u0173 universitete. Nuolat toliau gilinu \u017einias, lankausi tiek u\u017esienio d\u0117stytoj\u0173, tiek Lietuvos d\u0117stytoj\u0173 seminaruose. Esu GIMK (Glob\u0117j\u0173 (r\u016bpintoj\u0173), budin\u010di\u0173 globotoj\u0173, \u012ft\u0117vi\u0173, bendruomenini\u0173 vaik\u0173 globos nam\u0173 darbuotoj\u0173 mokymo ir konsultavimo programa) atestuotas asmuo.<\/p>\n\n\n\n<p class=\"has-medium-font-size\">Psichologin\u0119 pagalb\u0105 teikiu daugiau nei 15 met\u0173, per juos \u012fgijau itin daug patirties, kuri\u0105 d\u017eiaugiuosi gal\u0117dama padovanoti atvykstantiems \u017emon\u0117ms. Kiekvien\u0105 \u017emog\u0173 priimu kaip unikal\u0173 su jo unikalia patirtimi. Kiekvieno istorija man r\u016bpi ir saugau j\u0105 saugiai laikantis vis\u0173 profesin\u0117s etikos standart\u0173.<\/p>\n\n\n\n<p class=\"has-medium-font-size\">Susisiekti su manimi galite:<\/p>\n\n\n\n<ul id=\"block-1d886a6f-eb1d-42c7-9aca-bc38383c9cbb\" class=\"wp-block-list\">\n<li>el. pa\u0161tu: psichologe.kazlauskiene@gmail.com <\/li>\n\n\n\n<li>telefonu: +37062730526<\/li>\n<\/ul>\n\n\n\n<p>Konsultacijos vyksta darbo dienomis ir \u0161e\u0161tadieniais kabinete arba nuotoliu per susitarta program\u0117l\u0119.<\/p>\n\n\n\n<p class=\"has-medium-font-size\">\u0160ilti link\u0117jimai!<\/p>\n\n\n\n<p>Birut\u0117<\/p>\n\n\n\n<p><\/p>\n\n\n\n<p class=\"has-small-font-size\">Sutarus laik\u0105, ta\u010diau pasikeitus planams, konsultacija at\u0161aukiama ma\u017eiausiai prie\u0161 48 valandas. Kitu atveju, \u0161is laikas lieka rezervuotas jums ir yra apmokestintas pilna konsultacijos kaina (i\u0161skyrus ligos atvejus).<\/p>\n","protected":false},"excerpt":{"rendered":"<p>Laba diena, Esu kognityvin\u0117s elgesio krypties psicholog\u0117-psichoterapeut\u0117 Birut\u0117 Kazlauskien\u0117. Teikiu psichologin\u0119, psichoterapin\u0119 pagalba individualiai suaugusiems, paaugliams bei poroms\/\u0161eimoms. Man pasisek\u0117, nes dar besimokydama mokykloje supratau, kad man yra \u012fdomus \u017emogus ir jo elgesys, tad ai\u0161kiai \u017einojau, kad mano pa\u0161aukimas &#8211; psichologija. Begalo esu laiminga, gal\u0117dama \u017emon\u0117ms pad\u0117ti siekti geresn\u0117s savijautos bei gyventi gyvenim\u0105 tok\u012f, kokio <a class=\"read-more\" href=\"https:\/\/psichologepsichoterapeute.lt\/\">Read More<\/a><\/p>\n","protected":false},"author":1,"featured_media":0,"parent":0,"menu_order":0,"comment_status":"closed","ping_status":"closed","template":"","meta":{"_monsterinsights_skip_tracking":false,"_monsterinsights_sitenote_active":false,"_monsterinsights_sitenote_note":"","_monsterinsights_sitenote_category":0,"footnotes":""},"class_list":["post-25","page","type-page","status-publish","hentry"],"aioseo_notices":[],"_links":{"self":[{"href":"https:\/\/psichologepsichoterapeute.lt\/index.php\/wp-json\/wp\/v2\/pages\/25","targetHints":{"allow":["GET"]}}],"collection":[{"href":"https:\/\/psichologepsichoterapeute.lt\/index.php\/wp-json\/wp\/v2\/pages"}],"about":[{"href":"https:\/\/psichologepsichoterapeute.lt\/index.php\/wp-json\/wp\/v2\/types\/page"}],"author":[{"embeddable":true,"href":"https:\/\/psichologepsichoterapeute.lt\/index.php\/wp-json\/wp\/v2\/users\/1"}],"replies":[{"embeddable":true,"href":"https:\/\/psichologepsichoterapeute.lt\/index.php\/wp-json\/wp\/v2\/comments?post=25"}],"version-history":[{"count":28,"href":"https:\/\/psichologepsichoterapeute.lt\/index.php\/wp-json\/wp\/v2\/pages\/25\/revisions"}],"predecessor-version":[{"id":240,"href":"https:\/\/psichologepsichoterapeute.lt\/index.php\/wp-json\/wp\/v2\/pages\/25\/revisions\/240"}],"wp:attachment":[{"href":"https:\/\/psichologepsichoterapeute.lt\/index.php\/wp-json\/wp\/v2\/media?parent=25"}],"curies":[{"name":"wp","href":"https:\/\/api.w.org\/{rel}","templated":true}]}}